{"id":265,"date":"2013-08-21T13:26:27","date_gmt":"2013-08-21T19:26:27","guid":{"rendered":"http:\/\/www.hagiographysociety.org\/wp\/?page_id=265"},"modified":"2025-09-23T07:40:17","modified_gmt":"2025-09-23T13:40:17","slug":"travel-awards","status":"publish","type":"page","link":"https:\/\/www.hagiographysociety.org\/?page_id=265","title":{"rendered":"Awards and Prizes"},"content":{"rendered":"<div align=\"center\">\n<h3 style=\"text-align: left;\">Travel Award to Support Scholars in Need<\/h3>\n<p style=\"text-align: left;\"><strong><span style=\"color: #800000;\">Award Deadline:\u00a0 February 24, 2025<\/span><\/strong><\/p>\n<p style=\"text-align: left;\">Recognizing the decreasing levels of funding available to scholars, the Hagiography Society is making a one-time award to support under-funded scholars attending the 2025 International Congress on Medieval Studies in Kalamazoo, MI.\u00a0 Our hope is to inspire the establishment of a permanent award in parallel with the Reames Award (for graduate students).\u00a0 Donations welcome!<\/p>\n<p style=\"text-align: left;\">The award will provide <span style=\"color: #800000;\"><strong>up to $1,000 to be used toward registration, travel, lodging, and meals while attending the ICMS<\/strong><\/span> in person to present a paper. The winner will also be granted a free two-year membership in the Hagiography Society.<\/p>\n<p style=\"text-align: left;\"><strong>Eligibility:\u00a0\u00a0<\/strong>Scholars who are Hagiography Society members, have completed all requirements (including defense of a dissertation) for a PhD (or equivalent) prior to May 1st of the current academic year, and do not have adequate funding to attend the ICMS at Kalamazoo are eligible to apply if their paper, on a topic involving hagiography, has been accepted for inclusion on a regular panel (not a roundtable or other format) in the program of the International Congress on Medieval Studies in Kalamazoo, MI at the time of application, and if they will be attending the Congress in person.\u00a0 They are also expected to attend the annual Hagiography Society Business Meeting held at the International Congress on Medieval Studies<\/p>\n<p style=\"text-align: left;\"><strong>Application:\u00a0<\/strong>Please download the application form linked below.\u00a0 Please submit this form, combined with a current curriculum vit\u00e6 in a single PDF with your last name in the document name, to the Secretary\/Treasurer (secretary at hagiographysociety.org) of the Hagiography Society by <strong><span style=\"color: #800000;\">February 24.<\/span>\u00a0<\/strong> Applicants will be informed of the results by March 7.<\/p>\n<p><a href=\"https:\/\/www.hagiographysociety.org\/wp-content\/uploads\/2025\/02\/HSScholarsInNeedAwardForm-Word.docx\">HSScholarsInNeedAwardForm (Word)<\/a>\u00a0 \u00a0 \u00a0 \u00a0 <a href=\"https:\/\/www.hagiographysociety.org\/wp-content\/uploads\/2025\/02\/HSScholarsInNeedAwardForm-PDF.pdf\">HSScholarsInNeedAwardForm (PDF)<\/a><\/p>\n<h3 style=\"text-align: left;\">The Hagiography Society Article Prize<\/h3>\n<p style=\"text-align: left;\">This prize will be awarded to a scholarly essay or article written on any disciplinary subject that makes an outstanding contribution to the study and understanding of saints, holy men and women, virtue traditions, and the concept of sanctity in ideational, literary, artistic, and sociohistorical dimensions in the pre-modern period. Articles concerning all geographies and religious systems are eligible. The monetary value of the prize is $300. The author of the article must be a member of the Hagiography Society by the time of the article\u2019s submission. All essays and articles that have been published in 2023 and 2024 are eligible for the prize.<\/p>\n<p style=\"text-align: left;\">Please send an electronic copy of your published submission to Laura A. Smoller (laura.smoller@rochester.edu). The winner will be announced in fall 2025 and is encouraged to attend the Hagiography Society Business meeting at the International Congress on Medieval Studies in May, 2026 for the formal presentation of the award.\u00a0\u00a0<strong>Submissions are due by January 31, 2025.<\/strong><\/p>\n<p style=\"text-align: left;\"><em>This prize is awarded biennially, in alternation with the Book Prize.<\/em><\/p>\n<p style=\"text-align: left;\"><strong>Past Winners of the Article Prize<\/strong><\/p>\n<p style=\"text-align: left;\">2023- Austin Powell, \u201cManuscript Miscellanies, Jerome\u2019s Letters to Women, and the Dominican Observant Reform in Fifteenth-Century Italy,&#8221; <a href=\"https:\/\/www.cambridge.org\/core\/journals\/renaissance-quarterly\/article\/abs\/manuscript-miscellanies-jeromes-letters-to-women-and-the-dominican-observant-reform-in-fifteenthcentury-italy\/1DCE7833AF5EAB6A6DFCB945B9874A61\"><i>Renaissance Quarterly<\/i> 74.3<\/a> (2021): 722-762.<\/p>\n<hr \/>\n<h3 style=\"text-align: left;\">The Hagiography Society Book Prize<\/h3>\n<p style=\"text-align: left;\">The Hagiography Society book prize is awarded to a scholarly first book written on any disciplinary subject that makes an outstanding contribution to the study and understanding of saints, holy men and women, virtue traditions, and the concept of sanctity in ideational, literary, artistic, and sociohistorical dimensions in the pre-modern period. Books concerning all geographies and religious systems are eligible. The monetary value of the prize is $500. The author of the book presented to the competition must be a member of the Hagiography Society by the time of the book\u2019s submission. Each year, the prize committee will consist of three scholars called upon by the Society to fulfill the task of awarding the prize. The committee will not include anyone currently serving the Hagiography Society in an official capacity. Submissions for the next prize are for books published in 2024 and 2025. <strong>Deadline for submission: January 31, 2026<\/strong>. Please arrange for three print copies of your book\/manuscript to be sent by January 31, 2026 to Laura A. Smoller; Department of History; University of Rochester; Rush Rhees 369A; 755 Library Road; Box 270070; Rochester, NY 14627. The winner will be announced in fall 2026 and is encouraged to attend the Hagiography Society Business meeting at the International Congress on Medieval Studies in May, 2027 for the formal presentation of the award.<\/p>\n<p style=\"text-align: left;\"><em>This prize is awarded biennially, in alternation with the Article Prize.<\/em><\/p>\n<p style=\"text-align: left;\"><strong>Past Winners of the Book Prize<\/strong><\/p>\n<\/div>\n<p><!--more--><\/p>\n<p><!--more--><\/p>\n<div align=\"center\">\n<p style=\"text-align: left;\">2024 &#8211; Steven Rozenski,\u00a0<em><a href=\"https:\/\/undpress.nd.edu\/9780268202767\/wisdoms-journey\/\" target=\"_blank\" rel=\"noopener\">Wisdom&#8217;s Journey: Continental Mysticism and Popular Devotion in England, 1350-1650<\/a>\u00a0<\/em>(University of Notre Dame Press, 2022).<\/p>\n<p style=\"text-align: left;\">2022 &#8211; Donna Trembinski, <a href=\"https:\/\/utorontopress.com\/9781487507411\/illness-and-authority\/\"><em>Illness and Authority: Disability in the Life and <\/em>Lives<em> of Francis of Assisi<\/em><\/a> (University of Toronto Press, 2020).<\/p>\n<p style=\"text-align: left;\">2020 &#8211; <span class=\"JsGRdQ\">Roy Flechner, <a href=\"https:\/\/press.princeton.edu\/books\/hardcover\/9780691184647\/saint-patrick-retold\"><em>Saint Patrick Retold: The Legend and History of\u00a0 <\/em><\/a><\/span><span class=\"JsGRdQ\"><em>Ireland\u2019s Patron Saint<\/em> (Princeton University Press, 2019).<\/span><\/p>\n<p style=\"text-align: left;\">2019 &#8211; Maya Maskarinec, <a href=\"https:\/\/www.upenn.edu\/pennpress\/book\/15823.html\"><em>City of Saints: Rebuilding Rome in the Early Middle Ages<\/em><\/a> (University of Pennsylvania Press, 2018).<\/p>\n<p style=\"text-align: left;\">2018 &#8211; Catherine M. Mooney, <a href=\"https:\/\/www.amazon.com\/Clare-Assisi-Thirteenth-Century-Church-Resistance\/dp\/0812225074\/ref=sr_1_1?crid=236S2W22E3OVW&amp;keywords=catherine+mooney+clare+of+assisi&amp;qid=1655758974&amp;s=books&amp;sprefix=catherine+mooney+clare+of+assisi%2Cstripbooks%2C61&amp;sr=1-1\"><em>Clare of Assisi and the Thirteenth-Century Church: Religious Women, Rules, and Resistance <\/em><\/a>(University of\u00a0Pennsylvania Press, 2016).<\/p>\n<p style=\"text-align: left;\">2017 &#8211; Jeanne-Nicole Mellon Saint-Laurent, <a href=\"https:\/\/www.ucpress.edu\/book\/9780520284968\/missionary-stories-and-the-formation-of-the-syriac-churches\"><em>Missionary Stories and the Formation of the Syriac Churches<\/em><\/a>, Transformation of the Classical Heritage 55 (University of California Press, 2015).<\/p>\n<h3 style=\"text-align: left;\">The Sherry L. Reames Graduate Student Travel Award for Hagiographical Studies<\/h3>\n<p style=\"text-align: left;\">Named in honor of the beloved founder and long-time leader of the Society, the award now provides up to $1000 to be used toward registration, travel, lodging, and meals to present a paper at the International Congress on Medieval Studies, held annually at Western Michigan University in Kalamazoo, MI. The winners will be granted a free two-year membership in the Hagiography Society.<\/p>\n<h5 style=\"text-align: left;\"><strong>Eligibility<\/strong><\/h5>\n<p style=\"text-align: left;\">Students who are Hagiography Society members are eligible to apply if their paper, on a topic involving hagiography, has been accepted for inclusion on a regular panel (not a round table or other format) in the program of the International Congress on Medieval Studies in Kalamazoo, MI, at the time of application, and if they will be enrolled in a graduate program (anywhere in the world) at the time of that Congress.\u00a0\u00a0They are also expected to attend the annual Hagiography Society Business Meeting held at the International Congress on Medieval Studies.<\/p>\n<h5 style=\"text-align: left;\"><strong>Application<\/strong><\/h5>\n<p style=\"text-align: left;\">Please submit an application form, combined with a current curriculum vit\u00e6 in a single PDF with your last name in the document name, by November 15 to the <a href=\"mailto:secretary@hagiographysociety.org\">Secretary \/ Treasurer<\/a> of the Hagiography Society.<\/p>\n<ul style=\"text-align: left;\">\n<li style=\"list-style-type: none;\">\n<ul style=\"text-align: left;\">\n<li style=\"list-style-type: none;\">You will find the application form <a href=\"https:\/\/www.hagiographysociety.org\/wp-content\/uploads\/2025\/09\/ReamesAwardForm2025rev.docx\" target=\"_blank\" rel=\"noopener noreferrer\">here<\/a> (.docx) or <a href=\"https:\/\/www.hagiographysociety.org\/wp-content\/uploads\/2025\/09\/ReamesAwardForm2025rev.pdf\" target=\"_blank\" rel=\"noopener noreferrer\">here<\/a> (.pdf)<\/li>\n<\/ul>\n<\/li>\n<\/ul>\n<p style=\"text-align: left;\">Applicants will be informed of the results by December 15.\u00a0 <\/p>\n<p style=\"text-align: left;\">We welcome contributions in any amount to the Sherry L. Reames Graduate Student Travel Award for Hagiographical Studies:<\/p>\n<p style=\"text-align: center;\"><input alt=\"PayPal - The safer, easier way to pay online!\" name=\"submit\" src=\"https:\/\/www.paypalobjects.com\/en_US\/i\/btn\/btn_donateCC_LG.gif\" type=\"image\" \/><\/p>\n<\/div>\n<h5 style=\"text-align: left;\"><strong>Past Winners for the Sherry L. Reames Travel Award<\/strong><\/h5>\n<p class=\"p1\">Claire Becker, History, Univ. of Rochester, \u201cHispanic Nuns, Miraculous Care, and Edible Relics in Spanish America\u201d. (2024-2025)<\/p>\n<p>Runner-up: Nicola Estrafallaces, English, Univ. of Glasgow, \u201cGiovanni de Paolo: Catherine of Siena\u2019s Visual Hagiographer\u201d (2024-2025)<\/p>\n<p>Kartik Maini, South Asian Languages and Civilizations, Univ. of Chicago, \u201cA Mahd at the End of Time\u201d (2023-2024)<\/p>\n<p>Margaret McCurry, English, New York Univ.,\u00a0 \u201cThe Silenced Voices of Sanctity: Muteness as a Catalyst for Revelation in the Hagiographies of St. Mechthild and St. Gertrude.\u201d (2023-2024)<\/p>\n<p>Runner-up: Ryan Randle, Medieval Studies, Cornell Univ.,\u00a0 \u201cFrom Head to Toe: Thomas Becket, Sixteenth Century Martyrdom Reenactments, and Early Special Effects.\u201d (2023-2024)<\/p>\n<p>Silvio Ruberto, History, Univ. Utrecht, \u201cBishop, Royal, and Monk Saints as \u2018Temple Priests\u2019? Testing Ian Wood\u2019s \u2018Temple Society\u2019 Thesis on Seventh-Century Merovingian Hagiographies (St Eligius, St Bathild, and St Columbanus)\u201d (2022-2023)<\/p>\n<p>Runners-up (2022-2023):<br \/>\nThelma Trujillo, English, Univ. of Iowa, \u201cHoly Flesh, Holy Doubt: Race and Female Sanctity in the Old English &#8216;Life of Saint Mary of Egypt&#8217;\u201d<br \/>\nAntonio Lenzo, English, Stanford Univ., \u201cHoly Strategy: gender transition in the old English Life of Saint Smaragdus\/Euphrosyne\u201d<\/p>\n<p>Lacey Bonar, History, West Virginia University, \u201cLosing Face, Saving Grace: The Trope of Facial Disfigurement in Saints\u2019 Lives\u201d (2019-2020). Since the International Congress on Medieval Studies was cancelled for 2020, this\u00a0 paper was delivered in 2021.<\/p>\n<p>Niamh Kehoe, English, University College Cork, Ireland, \u201cFools and Sinners: Pedagogy in Two Anonymous Anglo-Saxon Saints\u2019 Lives\u201d (2018-2019)<\/p>\n<p>Kortney Stern, English, Indiana, \u201cFuture Perfect\u201d (2018-2019)<\/p>\n<p>Dorottya Uhrin, E\u00f6tv\u00f6s Lor\u00e1nd University, Budapest, &#8220;The Earliest Cult of Saint Margaret of Antioch in Hungary&#8221; (2017-2018)<\/p>\n<p>Lydia Walker, UT-Knoxville, &#8220;The Formulation of Female Holiness and Masculine Integrity: An Examination of Lutgard of Aywie\u0300res and Jacques de Vitry\u201d (2017-2018)<\/p>\n<p>John Fry, UT-Austin, \u201cHagiography and Dorigen\u2019s Discontent in the \u2018Franklin\u2019s Tale\u2019\u201d (2016-2017)<\/p>\n<p>Mary Anne Gonzales, Guelph University, \u201cImitation and Feeling: Sorrow and Compassion in the Stigmata of Elizabeth of Spalbeek\u201d (2016-2017)<\/p>\n<p>Christopher Paolella, U. Missouri-Columbia, \u201cServi et Servi Dei: Slaves and Saints in Early-Medieval Hagiography&#8221; (2016-2017)<\/p>\n<p>David A. Heayn, City University of New York, &#8220;Byzantine Monasticism in Two Anatolian Provinces, ca. 500-700&#8221; (2015-2016)<\/p>\n<p>V\u00e9ronique Olivier, Universit\u00e9 de Montr\u00e9al and Universit\u00e9 Nice-Sophia-Antipolis, &#8220;Saint Lambert in Vence: Plurisecular Fortune of a Local Cult&#8221; (2015-2016)<\/p>\n<p>Britton Brooks, Oxford University, \u201cThe Vernacular Fenland: the literal landscape of the anonymous Old English prose Life of Saint Guthlac\u201d (2014-2015)<\/p>\n<p>Amy Devenney, University of Leeds, \u201c\u2018You take the high road and I\u2019ll take the low road\u2019: exploring the experience of pilgrimage to monastic and civic shrines in twelfth century Apulia\u201d (2014-2015)<\/p>\n<p>Ashley Laverock, Emory University, \u201cDynamic Hagiography: Image and Inscription in the Thirteenth-Century Stained-Glass Window of St. Margaret of Antioch at Ardagger Abbey\u201d (2014-2015)<\/p>\n<p>Murrielle Michaud, Wilfrid Laurier University, &#8220;The Middle English Vita of Christina the Astonishing: Secular Hagiography, Patience Literature, and Biography&#8221; (2013-2014)<\/p>\n<p>Jenny Bledsoe, Emory University, \u201cIntercession and Devotion: Guthlac and Bartholomew in the Old English Prose Guthlac and Vercelli Homily XXIII\u201d (2013-2014)<\/p>\n","protected":false},"excerpt":{"rendered":"<p>Travel Award to Support Scholars in Need Award Deadline:\u00a0 February 24, 2025 Recognizing the decreasing levels of funding available to scholars, the Hagiography Society is making a one-time award to support under-funded scholars attending the 2025 International Congress on Medieval<span class=\"ellipsis\">&hellip;<\/span><\/p>\n<div class=\"read-more\"><a href=\"https:\/\/www.hagiographysociety.org\/?page_id=265\">Read more &#8250;<\/a><\/div>\n<p><!-- end of .read-more --><\/p>\n","protected":false},"author":1,"featured_media":0,"parent":0,"menu_order":40,"comment_status":"closed","ping_status":"closed","template":"","meta":{"_exactmetrics_skip_tracking":false,"_exactmetrics_sitenote_active":false,"_exactmetrics_sitenote_note":"","_exactmetrics_sitenote_category":0,"footnotes":""},"_links":{"self":[{"href":"https:\/\/www.hagiographysociety.org\/index.php?rest_route=\/wp\/v2\/pages\/265"}],"collection":[{"href":"https:\/\/www.hagiographysociety.org\/index.php?rest_route=\/wp\/v2\/pages"}],"about":[{"href":"https:\/\/www.hagiographysociety.org\/index.php?rest_route=\/wp\/v2\/types\/page"}],"author":[{"embeddable":true,"href":"https:\/\/www.hagiographysociety.org\/index.php?rest_route=\/wp\/v2\/users\/1"}],"replies":[{"embeddable":true,"href":"https:\/\/www.hagiographysociety.org\/index.php?rest_route=%2Fwp%2Fv2%2Fcomments&post=265"}],"version-history":[{"count":3,"href":"https:\/\/www.hagiographysociety.org\/index.php?rest_route=\/wp\/v2\/pages\/265\/revisions"}],"predecessor-version":[{"id":1704,"href":"https:\/\/www.hagiographysociety.org\/index.php?rest_route=\/wp\/v2\/pages\/265\/revisions\/1704"}],"wp:attachment":[{"href":"https:\/\/www.hagiographysociety.org\/index.php?rest_route=%2Fwp%2Fv2%2Fmedia&parent=265"}],"curies":[{"name":"wp","href":"https:\/\/api.w.org\/{rel}","templated":true}]}}